{"id":719,"date":"2023-09-18T23:05:10","date_gmt":"2023-09-18T21:05:10","guid":{"rendered":"https:\/\/x4analytics.de\/?page_id=719"},"modified":"2023-10-05T11:42:58","modified_gmt":"2023-10-05T09:42:58","slug":"leistungen","status":"publish","type":"page","link":"https:\/\/x4analytics.de\/bg\/leistungen\/","title":{"rendered":"\u0423\u0441\u043b\u0443\u0433\u0438"},"content":{"rendered":"<div data-elementor-type=\"wp-page\" data-elementor-id=\"719\" class=\"elementor elementor-719\" data-elementor-post-type=\"page\">\n\t\t\t\t\t\t<section class=\"elementor-section elementor-top-section elementor-element elementor-element-1c42a5fa elementor-section-boxed elementor-section-height-default elementor-section-height-default\" data-id=\"1c42a5fa\" data-element_type=\"section\" data-settings=\"{&quot;background_background&quot;:&quot;classic&quot;}\">\n\t\t\t\t\t\t\t<div class=\"elementor-background-overlay\"><\/div>\n\t\t\t\t\t\t\t<div class=\"elementor-container elementor-column-gap-default\">\n\t\t\t\t\t<div class=\"elementor-column elementor-col-50 elementor-top-column elementor-element elementor-element-4265f1e\" data-id=\"4265f1e\" data-element_type=\"column\">\n\t\t\t<div class=\"elementor-widget-wrap elementor-element-populated\">\n\t\t\t\t\t\t<div class=\"elementor-element elementor-element-7a76c06a elementor-widget elementor-widget-heading\" data-id=\"7a76c06a\" data-element_type=\"widget\" data-widget_type=\"heading.default\">\n\t\t\t\t<div class=\"elementor-widget-container\">\n\t\t\t\t\t<h1 class=\"elementor-heading-title elementor-size-default\">\u041f\u043e\u0440\u0442\u0444\u043e\u043b\u0438\u043e \u043e\u0442 \u0443\u0441\u043b\u0443\u0433\u0438 \u043d\u0430 X4 Consulting<\/h1>\t\t\t\t<\/div>\n\t\t\t\t<\/div>\n\t\t\t\t<section class=\"elementor-section elementor-inner-section elementor-element elementor-element-68044474 elementor-section-boxed elementor-section-height-default elementor-section-height-default\" data-id=\"68044474\" data-element_type=\"section\">\n\t\t\t\t\t\t<div class=\"elementor-container elementor-column-gap-default\">\n\t\t\t\t\t<div class=\"elementor-column elementor-col-100 elementor-inner-column elementor-element elementor-element-6102f94\" data-id=\"6102f94\" data-element_type=\"column\">\n\t\t\t<div class=\"elementor-widget-wrap elementor-element-populated\">\n\t\t\t\t\t\t<div class=\"elementor-element elementor-element-78ff7d36 elementor-widget__width-auto elementor-widget elementor-widget-button\" data-id=\"78ff7d36\" data-element_type=\"widget\" id=\"leistungen\" data-widget_type=\"button.default\">\n\t\t\t\t<div class=\"elementor-widget-container\">\n\t\t\t\t\t\t\t\t\t<div class=\"elementor-button-wrapper\">\n\t\t\t\t\t<a class=\"elementor-button elementor-button-link elementor-size-sm\" href=\"#leistungen\">\n\t\t\t\t\t\t<span class=\"elementor-button-content-wrapper\">\n\t\t\t\t\t\t<span class=\"elementor-button-icon\">\n\t\t\t\t<i aria-hidden=\"true\" class=\"fas fa-chevron-down\"><\/i>\t\t\t<\/span>\n\t\t\t\t\t\t\t\t\t<span class=\"elementor-button-text\">\u041d\u0430\u0448\u0438\u0442\u0435 \u0443\u0441\u043b\u0443\u0433\u0438<\/span>\n\t\t\t\t\t<\/span>\n\t\t\t\t\t<\/a>\n\t\t\t\t<\/div>\n\t\t\t\t\t\t\t\t<\/div>\n\t\t\t\t<\/div>\n\t\t\t\t\t<\/div>\n\t\t<\/div>\n\t\t\t\t\t<\/div>\n\t\t<\/section>\n\t\t\t\t\t<\/div>\n\t\t<\/div>\n\t\t\t\t<div class=\"elementor-column elementor-col-50 elementor-top-column elementor-element elementor-element-6c30f849\" data-id=\"6c30f849\" data-element_type=\"column\" data-settings=\"{&quot;background_background&quot;:&quot;classic&quot;}\">\n\t\t\t<div class=\"elementor-widget-wrap elementor-element-populated\">\n\t\t\t\t\t\t<div class=\"elementor-element elementor-element-4ea8088f elementor-widget elementor-widget-heading\" data-id=\"4ea8088f\" data-element_type=\"widget\" data-widget_type=\"heading.default\">\n\t\t\t\t<div class=\"elementor-widget-container\">\n\t\t\t\t\t<h2 class=\"elementor-heading-title elementor-size-default\">\u041f\u043e\u0441\u0442\u0430\u0432\u044f\u043c\u0435 \u043d\u0430\u0448\u0438\u0442\u0435 \u043a\u043b\u0438\u0435\u043d\u0442\u0438 \u043d\u0430 \u043f\u0440\u0435\u0434\u0435\u043d \u043f\u043b\u0430\u043d!<\/h2>\t\t\t\t<\/div>\n\t\t\t\t<\/div>\n\t\t\t\t\t<\/div>\n\t\t<\/div>\n\t\t\t\t\t<\/div>\n\t\t<\/section>\n\t\t\t\t<section class=\"elementor-section elementor-top-section elementor-element elementor-element-6474e0ac elementor-section-boxed elementor-section-height-default elementor-section-height-default\" data-id=\"6474e0ac\" data-element_type=\"section\">\n\t\t\t\t\t\t<div class=\"elementor-container elementor-column-gap-default\">\n\t\t\t\t\t<div class=\"elementor-column elementor-col-100 elementor-top-column elementor-element elementor-element-3635c3be\" data-id=\"3635c3be\" data-element_type=\"column\">\n\t\t\t<div class=\"elementor-widget-wrap elementor-element-populated\">\n\t\t\t\t\t\t<div class=\"elementor-element elementor-element-e4b7942 elementor-widget elementor-widget-heading\" data-id=\"e4b7942\" data-element_type=\"widget\" data-widget_type=\"heading.default\">\n\t\t\t\t<div class=\"elementor-widget-container\">\n\t\t\t\t\t<h2 class=\"elementor-heading-title elementor-size-default\">\u041d\u0430\u0448\u0438\u0442\u0435 \u0443\u0441\u043b\u0443\u0433\u0438<\/h2>\t\t\t\t<\/div>\n\t\t\t\t<\/div>\n\t\t\t\t<section class=\"elementor-section elementor-inner-section elementor-element elementor-element-26bda855 elementor-section-boxed elementor-section-height-default elementor-section-height-default\" data-id=\"26bda855\" data-element_type=\"section\">\n\t\t\t\t\t\t<div class=\"elementor-container elementor-column-gap-default\">\n\t\t\t\t\t<div class=\"elementor-column elementor-col-50 elementor-inner-column elementor-element elementor-element-69b91834\" data-id=\"69b91834\" data-element_type=\"column\">\n\t\t\t<div class=\"elementor-widget-wrap elementor-element-populated\">\n\t\t\t\t\t\t<div class=\"elementor-element elementor-element-7790f4a elementor-widget elementor-widget-heading\" data-id=\"7790f4a\" data-element_type=\"widget\" data-widget_type=\"heading.default\">\n\t\t\t\t<div class=\"elementor-widget-container\">\n\t\t\t\t\t<h6 class=\"elementor-heading-title elementor-size-default\">\u0418\u0422 \u041a\u043e\u043d\u0441\u0443\u043b\u0442\u0438\u0440\u0430\u043d\u0435<\/h6>\t\t\t\t<\/div>\n\t\t\t\t<\/div>\n\t\t\t\t<div class=\"elementor-element elementor-element-11888e0d elementor-widget elementor-widget-image\" data-id=\"11888e0d\" data-element_type=\"widget\" data-widget_type=\"image.default\">\n\t\t\t\t<div class=\"elementor-widget-container\">\n\t\t\t\t\t\t\t\t\t\t\t\t\t\t\t<img decoding=\"async\" width=\"120\" height=\"120\" src=\"https:\/\/x4analytics.de\/wp-content\/uploads\/2023\/10\/Our-Services-2.png\" class=\"attachment-full size-full wp-image-2385\" alt=\"\" srcset=\"https:\/\/x4analytics.de\/wp-content\/uploads\/2023\/10\/Our-Services-2.png 120w, https:\/\/x4analytics.de\/wp-content\/uploads\/2023\/10\/Our-Services-2-12x12.png 12w\" sizes=\"(max-width: 120px) 100vw, 120px\" \/>\t\t\t\t\t\t\t\t\t\t\t\t\t\t\t<\/div>\n\t\t\t\t<\/div>\n\t\t\t\t<div class=\"elementor-element elementor-element-550fc779 elementor-widget elementor-widget-text-editor\" data-id=\"550fc779\" data-element_type=\"widget\" data-widget_type=\"text-editor.default\">\n\t\t\t\t<div class=\"elementor-widget-container\">\n\t\t\t\t\t\t\t\t\t<p><span class=\"LineBreakBlob BlobObject DragDrop SCXO146068776 BCX4\"><span class=\"TextRun SCXO146068776 BCX4\" lang=\"DE-DE\" xml:lang=\"DE-DE\" data-contrast=\"auto\"><span class=\"NormalTextRun SCXO146068776 BCX4\">In einer sich st\u00e4ndig weiterentwickelnden Prozess- und Systemumgebung ist ein Schl\u00fcsselfaktor zum Erfolg der klare Blick auf das was war, das was kommt und das Wissen dar\u00fcber, ob die Planung des Unternehmens mit der Realit\u00e4t \u00fcbereinstimmt. <\/span><\/span><span class=\"TextRun SCXO146068776 BCX4\" lang=\"DE-DE\" xml:lang=\"DE-DE\" data-contrast=\"auto\"><span class=\"NormalTextRun SCXO146068776 BCX4\">Wir bei X4 Analytics haben uns zum Ziel gesetzt, Unternehmen dabei zu unterst\u00fctzen, ihre Daten in wertvolle Erkenntnisse und Wettbewerbsvorteile umzuwandeln. Mit unserer fundierten Fachkenntnis und unserer umfangreichen Erfahrung in den Bereichen Business <\/span><span class=\"SpellingError SCXO146068776 BCX4\">Intelligence<\/span><span class=\"NormalTextRun SCXO146068776 BCX4\"> und Analytics helfen wir Ihnen dabei, Daten zu sammeln, zu analysieren und in aussagekr\u00e4ftige Informationen zu verwandeln, die Ihre Entscheidungsprozesse verbessern und Ihr Unternehmen voranbringen.<\/span><\/span><span class=\"SCXO146068776 BCX4\">\u00a0<\/span><br class=\"SCXO146068776 BCX4\" \/><\/span><\/p>\t\t\t\t\t\t\t\t<\/div>\n\t\t\t\t<\/div>\n\t\t\t\t<div class=\"elementor-element elementor-element-43a28163 elementor-widget elementor-widget-button\" data-id=\"43a28163\" data-element_type=\"widget\" data-widget_type=\"button.default\">\n\t\t\t\t<div class=\"elementor-widget-container\">\n\t\t\t\t\t\t\t\t\t<div class=\"elementor-button-wrapper\">\n\t\t\t\t\t<a class=\"elementor-button elementor-button-link elementor-size-sm\" href=\"https:\/\/x4analytics.de\/bg\/technology-consulting\/\">\n\t\t\t\t\t\t<span class=\"elementor-button-content-wrapper\">\n\t\t\t\t\t\t<span class=\"elementor-button-icon\">\n\t\t\t\t<i aria-hidden=\"true\" class=\"icon icon-right-arrow\"><\/i>\t\t\t<\/span>\n\t\t\t\t\t\t\t\t\t<span class=\"elementor-button-text\">\u041d\u0430\u0443\u0447\u0435\u0442\u0435 \u043e\u0449\u0435<\/span>\n\t\t\t\t\t<\/span>\n\t\t\t\t\t<\/a>\n\t\t\t\t<\/div>\n\t\t\t\t\t\t\t\t<\/div>\n\t\t\t\t<\/div>\n\t\t\t\t\t<\/div>\n\t\t<\/div>\n\t\t\t\t<div class=\"elementor-column elementor-col-50 elementor-inner-column elementor-element elementor-element-d2501f7\" data-id=\"d2501f7\" data-element_type=\"column\">\n\t\t\t<div class=\"elementor-widget-wrap elementor-element-populated\">\n\t\t\t\t\t\t<div class=\"elementor-element elementor-element-6ba4a7c elementor-widget elementor-widget-heading\" data-id=\"6ba4a7c\" data-element_type=\"widget\" data-widget_type=\"heading.default\">\n\t\t\t\t<div class=\"elementor-widget-container\">\n\t\t\t\t\t<h6 class=\"elementor-heading-title elementor-size-default\">\u0412\u0440\u0435\u043c\u0435\u043d\u0435\u043d \u043c\u0435\u043d\u0438\u0434\u0436\u043c\u044a\u043d\u0442<\/h6>\t\t\t\t<\/div>\n\t\t\t\t<\/div>\n\t\t\t\t<div class=\"elementor-element elementor-element-47d579f elementor-widget elementor-widget-image\" data-id=\"47d579f\" data-element_type=\"widget\" data-widget_type=\"image.default\">\n\t\t\t\t<div class=\"elementor-widget-container\">\n\t\t\t\t\t\t\t\t\t\t\t\t\t\t\t<img decoding=\"async\" width=\"120\" height=\"120\" src=\"https:\/\/x4analytics.de\/wp-content\/uploads\/2023\/10\/Networking-6.png\" class=\"attachment-full size-full wp-image-2433\" alt=\"\" srcset=\"https:\/\/x4analytics.de\/wp-content\/uploads\/2023\/10\/Networking-6.png 120w, https:\/\/x4analytics.de\/wp-content\/uploads\/2023\/10\/Networking-6-12x12.png 12w\" sizes=\"(max-width: 120px) 100vw, 120px\" \/>\t\t\t\t\t\t\t\t\t\t\t\t\t\t\t<\/div>\n\t\t\t\t<\/div>\n\t\t\t\t<div class=\"elementor-element elementor-element-44d866d elementor-widget elementor-widget-text-editor\" data-id=\"44d866d\" data-element_type=\"widget\" data-widget_type=\"text-editor.default\">\n\t\t\t\t<div class=\"elementor-widget-container\">\n\t\t\t\t\t\t\t\t\t<p>\u0412 \u0435\u0434\u0438\u043d \u043f\u043e\u0441\u0442\u043e\u044f\u043d\u043d\u043e \u043f\u0440\u043e\u043c\u0435\u043d\u044f\u0449 \u0441\u0435 \u0431\u0438\u0437\u043d\u0435\u0441 \u0441\u0432\u044f\u0442, \u0433\u044a\u0432\u043a\u0430\u0432\u043e\u0441\u0442\u0442\u0430 \u0435 \u043a\u043b\u044e\u0447\u044a\u0442 \u043a\u044a\u043c \u0443\u0441\u043f\u0435\u0445\u0430. \u041d\u0430\u0448\u0438\u044f\u0442 \u0435\u043a\u0438\u043f \u043e\u043f\u0438\u0442\u043d\u0438 \u0432\u0440\u0435\u043c\u0435\u043d\u043d\u0438 \u043c\u0435\u043d\u0438\u0434\u0436\u044a\u0440\u0438 \u0435 \u0434\u043e \u0432\u0430\u0441, \u0437\u0430 \u0434\u0430 \u043f\u043e\u0434\u043a\u0440\u0435\u043f\u0438 \u0432\u0430\u0448\u0438\u044f \u043e\u0440\u0433\u0430\u043d\u0438\u0437\u0430\u0446\u0438\u044f \u0432 \u043f\u0435\u0440\u0438\u043e\u0434\u0438 \u043d\u0430 \u043f\u0440\u043e\u043c\u0435\u043d\u0438 \u0438 \u043f\u0440\u0435\u0434\u0438\u0437\u0432\u0438\u043a\u0430\u0442\u0435\u043b\u0441\u0442\u0432\u0430. \u0421 \u043f\u0435\u0440\u0441\u043e\u043d\u0430\u043b\u0438\u0437\u0438\u0440\u0430\u043d\u0438 \u0440\u0435\u0448\u0435\u043d\u0438\u044f \u0438 \u043e\u0431\u0448\u0438\u0440\u043d\u0438 \u043f\u043e\u0437\u043d\u0430\u043d\u0438\u044f \u043f\u0440\u0435\u0434\u043e\u0441\u0442\u0430\u0432\u044f\u043c\u0435 \u043d\u0435\u043e\u0431\u0445\u043e\u0434\u0438\u043c\u0430\u0442\u0430 \u0432\u0438 \u0433\u044a\u0432\u043a\u0430\u0432\u043e\u0441\u0442, \u0437\u0430 \u0434\u0430 \u0440\u0435\u0430\u0433\u0438\u0440\u0430\u0442\u0435 \u0431\u044a\u0440\u0437\u043e \u043d\u0430 \u043f\u0430\u0437\u0430\u0440\u043d\u0438\u0442\u0435 \u043f\u0440\u043e\u043c\u0435\u043d\u0438, \u0434\u0430 \u043d\u0430\u0441\u044a\u0440\u0447\u0430\u0432\u0430\u0442\u0435 \u0441\u0442\u0440\u0430\u0442\u0435\u0433\u0438\u0447\u0435\u0441\u043a\u0438 \u0438\u043d\u0438\u0446\u0438\u0430\u0442\u0438\u0432\u0438 \u0438 \u0434\u0430 \u043f\u0440\u0435\u043e\u0434\u043e\u043b\u044f\u0432\u0430\u0442\u0435 \u0431\u044a\u0440\u0437\u043e \u043f\u0440\u0435\u0434\u0438\u0437\u0432\u0438\u043a\u0430\u0442\u0435\u043b\u0441\u0442\u0432\u0430\u0442\u0430.<\/p><p>\u00a0<\/p>\t\t\t\t\t\t\t\t<\/div>\n\t\t\t\t<\/div>\n\t\t\t\t<div class=\"elementor-element elementor-element-d0d4cfa elementor-widget elementor-widget-button\" data-id=\"d0d4cfa\" data-element_type=\"widget\" data-widget_type=\"button.default\">\n\t\t\t\t<div class=\"elementor-widget-container\">\n\t\t\t\t\t\t\t\t\t<div class=\"elementor-button-wrapper\">\n\t\t\t\t\t<a class=\"elementor-button elementor-button-link elementor-size-sm\" href=\"https:\/\/x4analytics.de\/bg\/interim-management-service\/\">\n\t\t\t\t\t\t<span class=\"elementor-button-content-wrapper\">\n\t\t\t\t\t\t<span class=\"elementor-button-icon\">\n\t\t\t\t<i aria-hidden=\"true\" class=\"icon icon-right-arrow\"><\/i>\t\t\t<\/span>\n\t\t\t\t\t\t\t\t\t<span class=\"elementor-button-text\">\u041d\u0430\u0443\u0447\u0435\u0442\u0435 \u043e\u0449\u0435<\/span>\n\t\t\t\t\t<\/span>\n\t\t\t\t\t<\/a>\n\t\t\t\t<\/div>\n\t\t\t\t\t\t\t\t<\/div>\n\t\t\t\t<\/div>\n\t\t\t\t\t<\/div>\n\t\t<\/div>\n\t\t\t\t\t<\/div>\n\t\t<\/section>\n\t\t\t\t<section class=\"elementor-section elementor-inner-section elementor-element elementor-element-ae1169e elementor-section-boxed elementor-section-height-default elementor-section-height-default\" data-id=\"ae1169e\" data-element_type=\"section\">\n\t\t\t\t\t\t<div class=\"elementor-container elementor-column-gap-default\">\n\t\t\t\t\t<div class=\"elementor-column elementor-col-50 elementor-inner-column elementor-element elementor-element-5a06038\" data-id=\"5a06038\" data-element_type=\"column\">\n\t\t\t<div class=\"elementor-widget-wrap elementor-element-populated\">\n\t\t\t\t\t\t<div class=\"elementor-element elementor-element-4ba7ff2 elementor-widget elementor-widget-heading\" data-id=\"4ba7ff2\" data-element_type=\"widget\" data-widget_type=\"heading.default\">\n\t\t\t\t<div class=\"elementor-widget-container\">\n\t\t\t\t\t<h6 class=\"elementor-heading-title elementor-size-default\">A\u0443\u0442\u0441\u043e\u0440\u0441\u0438\u043d\u0433 \u043d\u0430 \u0431\u0438\u0437\u043d\u0435\u0441 \u043f\u0440\u043e\u0446\u0435\u0441\u0438<\/h6>\t\t\t\t<\/div>\n\t\t\t\t<\/div>\n\t\t\t\t<div class=\"elementor-element elementor-element-124edd2f elementor-widget elementor-widget-image\" data-id=\"124edd2f\" data-element_type=\"widget\" data-widget_type=\"image.default\">\n\t\t\t\t<div class=\"elementor-widget-container\">\n\t\t\t\t\t\t\t\t\t\t\t\t\t\t\t<img decoding=\"async\" width=\"120\" height=\"120\" src=\"https:\/\/x4analytics.de\/wp-content\/uploads\/2023\/10\/Partnership-1.png\" class=\"attachment-full size-full wp-image-2369\" alt=\"\" srcset=\"https:\/\/x4analytics.de\/wp-content\/uploads\/2023\/10\/Partnership-1.png 120w, https:\/\/x4analytics.de\/wp-content\/uploads\/2023\/10\/Partnership-1-12x12.png 12w\" sizes=\"(max-width: 120px) 100vw, 120px\" \/>\t\t\t\t\t\t\t\t\t\t\t\t\t\t\t<\/div>\n\t\t\t\t<\/div>\n\t\t\t\t<div class=\"elementor-element elementor-element-5ac024ac elementor-widget elementor-widget-text-editor\" data-id=\"5ac024ac\" data-element_type=\"widget\" data-widget_type=\"text-editor.default\">\n\t\t\t\t<div class=\"elementor-widget-container\">\n\t\t\t\t\t\t\t\t\t<p>In einer sich st\u00e4ndig wandelnden Gesch\u00e4ftswelt ist es unerl\u00e4sslich den operativen Ablauf von Prozessen zu optimieren und effizient zu gestalten. Unser Team von erfahrenen Prozess Managern steht Ihnen zur Seite, um Ihre Organisation in der optimalen Gestaltung operativer Prozesse zu beraten und der Herausforderungen in der t\u00e4glichen Arbeit zu unterst\u00fctzen. Mit ma\u00dfgeschneiderten L\u00f6sungen und umfassendem Know-how bieten wir Ihnen die notwendige Flexibilit\u00e4t, um rasch auf Ver\u00e4nderungen in der operativen Prozessbearbeitung zu reagieren, Themen f\u00fcr Outtasking und Outsourcing zu identifizieren und Sie langfristig zu unterst\u00fctzen operative Arbeiten auszulagern und kosteneffizient und qualitativ hochwertig zu bearbeiten.<\/p>\t\t\t\t\t\t\t\t<\/div>\n\t\t\t\t<\/div>\n\t\t\t\t<div class=\"elementor-element elementor-element-5ba341b elementor-widget elementor-widget-button\" data-id=\"5ba341b\" data-element_type=\"widget\" data-widget_type=\"button.default\">\n\t\t\t\t<div class=\"elementor-widget-container\">\n\t\t\t\t\t\t\t\t\t<div class=\"elementor-button-wrapper\">\n\t\t\t\t\t<a class=\"elementor-button elementor-button-link elementor-size-sm\" href=\"https:\/\/x4analytics.de\/bg\/business-process-outsourcing\/\">\n\t\t\t\t\t\t<span class=\"elementor-button-content-wrapper\">\n\t\t\t\t\t\t<span class=\"elementor-button-icon\">\n\t\t\t\t<i aria-hidden=\"true\" class=\"icon icon-right-arrow\"><\/i>\t\t\t<\/span>\n\t\t\t\t\t\t\t\t\t<span class=\"elementor-button-text\">\u041d\u0430\u0443\u0447\u0435\u0442\u0435 \u043e\u0449\u0435<\/span>\n\t\t\t\t\t<\/span>\n\t\t\t\t\t<\/a>\n\t\t\t\t<\/div>\n\t\t\t\t\t\t\t\t<\/div>\n\t\t\t\t<\/div>\n\t\t\t\t\t<\/div>\n\t\t<\/div>\n\t\t\t\t<div class=\"elementor-column elementor-col-50 elementor-inner-column elementor-element elementor-element-e831678\" data-id=\"e831678\" data-element_type=\"column\">\n\t\t\t<div class=\"elementor-widget-wrap elementor-element-populated\">\n\t\t\t\t\t\t<div class=\"elementor-element elementor-element-44f4240 elementor-widget elementor-widget-heading\" data-id=\"44f4240\" data-element_type=\"widget\" data-widget_type=\"heading.default\">\n\t\t\t\t<div class=\"elementor-widget-container\">\n\t\t\t\t\t<h6 class=\"elementor-heading-title elementor-size-default\">\u0421\u0442\u0440\u0430\u0442\u0435\u0433\u0438\u044f \u0438 \u0422\u0440\u0430\u043d\u0444\u043e\u0440\u043c\u0430\u0446\u0438\u044f<\/h6>\t\t\t\t<\/div>\n\t\t\t\t<\/div>\n\t\t\t\t<div class=\"elementor-element elementor-element-4337dfd elementor-widget elementor-widget-image\" data-id=\"4337dfd\" data-element_type=\"widget\" data-widget_type=\"image.default\">\n\t\t\t\t<div class=\"elementor-widget-container\">\n\t\t\t\t\t\t\t\t\t\t\t\t\t\t\t<img loading=\"lazy\" decoding=\"async\" width=\"120\" height=\"120\" src=\"https:\/\/x4analytics.de\/wp-content\/uploads\/2023\/10\/Vision.png\" class=\"attachment-full size-full wp-image-2434\" alt=\"\" srcset=\"https:\/\/x4analytics.de\/wp-content\/uploads\/2023\/10\/Vision.png 120w, https:\/\/x4analytics.de\/wp-content\/uploads\/2023\/10\/Vision-12x12.png 12w\" sizes=\"(max-width: 120px) 100vw, 120px\" \/>\t\t\t\t\t\t\t\t\t\t\t\t\t\t\t<\/div>\n\t\t\t\t<\/div>\n\t\t\t\t<div class=\"elementor-element elementor-element-30458a6 elementor-widget elementor-widget-text-editor\" data-id=\"30458a6\" data-element_type=\"widget\" data-widget_type=\"text-editor.default\">\n\t\t\t\t<div class=\"elementor-widget-container\">\n\t\t\t\t\t\t\t\t\t<p><span class=\"LineBreakBlob BlobObject DragDrop SCXO146068776 BCX4\">\u0412 \u0435\u0434\u0438\u043d \u043f\u043e\u0441\u0442\u043e\u044f\u043d\u043d\u043e \u043f\u0440\u043e\u043c\u0435\u043d\u044f\u0449 \u0441\u0435 \u0431\u0438\u0437\u043d\u0435\u0441 \u0441\u0432\u044f\u0442 \u0435 \u043e\u0442 \u0441\u044a\u0449\u0435\u0441\u0442\u0432\u0435\u043d\u043e \u0437\u043d\u0430\u0447\u0435\u043d\u0438\u0435 \u043a\u043e\u043c\u043f\u0430\u043d\u0438\u0438\u0442\u0435 \u0434\u0430 \u043d\u0435\u043f\u0440\u0435\u043a\u044a\u0441\u043d\u0430\u0442\u043e \u043f\u0440\u0435\u043e\u0441\u043c\u0438\u0441\u043b\u044f\u0442 \u0438 \u0430\u0434\u0430\u043f\u0442\u0438\u0440\u0430\u0442 \u0441\u0432\u043e\u0438\u0442\u0435 \u0441\u0442\u0440\u0430\u0442\u0435\u0433\u0438\u0438, \u0437\u0430 \u0434\u0430 \u043e\u0441\u0442\u0430\u043d\u0430\u0442 \u043a\u043e\u043d\u043a\u0443\u0440\u0435\u043d\u0442\u043e\u0441\u043f\u043e\u0441\u043e\u0431\u043d\u0438 \u0438  \u043d\u0430\u0440\u0430\u0441\u0442\u0432\u0430\u0442 \u0443\u0441\u043f\u0435\u0448\u043d\u043e. \u0412 X4 Analytics GmbH \u0441\u043c\u0435 \u0441\u043f\u0435\u0446\u0438\u0430\u043b\u0438\u0437\u0438\u0440\u0430\u043d\u0438 \u0432 \u043f\u043e\u0434\u043f\u043e\u043c\u0430\u0433\u0430\u043d\u0435\u0442\u043e \u043d\u0430 \u043a\u043e\u043c\u043f\u0430\u043d\u0438\u0438 \u0432 \u0440\u0430\u0437\u0440\u0430\u0431\u043e\u0442\u043a\u0430\u0442\u0430 \u0438 \u0438\u0437\u043f\u044a\u043b\u043d\u0435\u043d\u0438\u0435\u0442\u043e \u043d\u0430 \u0441\u0442\u0440\u0430\u0442\u0435\u0433\u0438\u0438 \u0437\u0430 \u0442\u0440\u0430\u043d\u0441\u0444\u043e\u0440\u043c\u0430\u0446\u0438\u044f \u0438 \u043f\u043e\u0434\u043e\u0431\u0440\u0435\u043d\u0438\u0435 \u043d\u0430 \u0442\u0435\u0445\u043d\u0438\u0442\u0435 \u0431\u0438\u0437\u043d\u0435\u0441 \u043e\u043f\u0435\u0440\u0430\u0446\u0438\u0438.<\/span><\/p>\t\t\t\t\t\t\t\t<\/div>\n\t\t\t\t<\/div>\n\t\t\t\t<div class=\"elementor-element elementor-element-58c5245 elementor-widget elementor-widget-button\" data-id=\"58c5245\" data-element_type=\"widget\" data-widget_type=\"button.default\">\n\t\t\t\t<div class=\"elementor-widget-container\">\n\t\t\t\t\t\t\t\t\t<div class=\"elementor-button-wrapper\">\n\t\t\t\t\t<a class=\"elementor-button elementor-button-link elementor-size-sm\" href=\"https:\/\/x4analytics.de\/bg\/strategie-und-transformation\/\">\n\t\t\t\t\t\t<span class=\"elementor-button-content-wrapper\">\n\t\t\t\t\t\t<span class=\"elementor-button-icon\">\n\t\t\t\t<i aria-hidden=\"true\" class=\"icon icon-right-arrow\"><\/i>\t\t\t<\/span>\n\t\t\t\t\t\t\t\t\t<span class=\"elementor-button-text\">\u041d\u0430\u0443\u0447\u0435\u0442\u0435 \u043e\u0449\u0435<\/span>\n\t\t\t\t\t<\/span>\n\t\t\t\t\t<\/a>\n\t\t\t\t<\/div>\n\t\t\t\t\t\t\t\t<\/div>\n\t\t\t\t<\/div>\n\t\t\t\t\t<\/div>\n\t\t<\/div>\n\t\t\t\t\t<\/div>\n\t\t<\/section>\n\t\t\t\t\t<\/div>\n\t\t<\/div>\n\t\t\t\t\t<\/div>\n\t\t<\/section>\n\t\t\t\t<\/div>","protected":false},"excerpt":{"rendered":"<p>Leistungsportfolio X4 Consulting Leistungen ansehen Wir stellen unsere Kunden in den Fokus! Unsere Leistungen Technology Consulting In einer sich st\u00e4ndig weiterentwickelnden Prozess- und Systemumgebung ist ein Schl\u00fcsselfaktor zum Erfolg der klare Blick auf das was war, das was kommt und das Wissen dar\u00fcber, ob die Planung des Unternehmens mit der Realit\u00e4t \u00fcbereinstimmt. Wir bei X4 [&hellip;]<\/p>","protected":false},"author":1,"featured_media":0,"parent":0,"menu_order":0,"comment_status":"closed","ping_status":"closed","template":"","meta":{"footnotes":""},"class_list":["post-719","page","type-page","status-publish","hentry"],"_links":{"self":[{"href":"https:\/\/x4analytics.de\/bg\/wp-json\/wp\/v2\/pages\/719","targetHints":{"allow":["GET"]}}],"collection":[{"href":"https:\/\/x4analytics.de\/bg\/wp-json\/wp\/v2\/pages"}],"about":[{"href":"https:\/\/x4analytics.de\/bg\/wp-json\/wp\/v2\/types\/page"}],"author":[{"embeddable":true,"href":"https:\/\/x4analytics.de\/bg\/wp-json\/wp\/v2\/users\/1"}],"replies":[{"embeddable":true,"href":"https:\/\/x4analytics.de\/bg\/wp-json\/wp\/v2\/comments?post=719"}],"version-history":[{"count":85,"href":"https:\/\/x4analytics.de\/bg\/wp-json\/wp\/v2\/pages\/719\/revisions"}],"predecessor-version":[{"id":2437,"href":"https:\/\/x4analytics.de\/bg\/wp-json\/wp\/v2\/pages\/719\/revisions\/2437"}],"wp:attachment":[{"href":"https:\/\/x4analytics.de\/bg\/wp-json\/wp\/v2\/media?parent=719"}],"curies":[{"name":"wp","href":"https:\/\/api.w.org\/{rel}","templated":true}]}}