{"id":1519,"date":"2023-09-21T18:01:39","date_gmt":"2023-09-21T16:01:39","guid":{"rendered":"https:\/\/x4analytics.de\/?page_id=1519"},"modified":"2023-10-11T20:29:23","modified_gmt":"2023-10-11T18:29:23","slug":"datenschutzerklaerung","status":"publish","type":"page","link":"https:\/\/x4analytics.de\/en\/datenschutzerklaerung\/","title":{"rendered":"Privacy statement"},"content":{"rendered":"<div data-elementor-type=\"wp-page\" data-elementor-id=\"1519\" class=\"elementor elementor-1519\" data-elementor-post-type=\"page\">\n\t\t\t\t\t\t<section class=\"elementor-section elementor-top-section elementor-element elementor-element-2f5884b8 elementor-section-boxed elementor-section-height-default elementor-section-height-default\" data-id=\"2f5884b8\" data-element_type=\"section\" data-settings=\"{&quot;background_background&quot;:&quot;classic&quot;}\">\n\t\t\t\t\t\t\t<div class=\"elementor-background-overlay\"><\/div>\n\t\t\t\t\t\t\t<div class=\"elementor-container elementor-column-gap-default\">\n\t\t\t\t\t<div class=\"elementor-column elementor-col-100 elementor-top-column elementor-element elementor-element-75f473d4\" data-id=\"75f473d4\" data-element_type=\"column\">\n\t\t\t<div class=\"elementor-widget-wrap elementor-element-populated\">\n\t\t\t\t\t\t<div class=\"elementor-element elementor-element-ca3692c elementor-widget elementor-widget-heading\" data-id=\"ca3692c\" data-element_type=\"widget\" data-widget_type=\"heading.default\">\n\t\t\t\t<div class=\"elementor-widget-container\">\n\t\t\t\t\t<h2 class=\"elementor-heading-title elementor-size-default\">Privacy statement<\/h2>\t\t\t\t<\/div>\n\t\t\t\t<\/div>\n\t\t\t\t<div class=\"elementor-element elementor-element-86e662f elementor-widget elementor-widget-text-editor\" data-id=\"86e662f\" data-element_type=\"widget\" data-widget_type=\"text-editor.default\">\n\t\t\t\t<div class=\"elementor-widget-container\">\n\t\t\t\t\t\t\t\t\t<p><a  href=\"#consent-change\" role=\"button\" id=\"rcb-sc-link-change\" data-success-message=\"\" class=\"rcb-sc-link rcb-sc-link-change\">Change privacy settings<\/a><\/p>\t\t\t\t\t\t\t\t<\/div>\n\t\t\t\t<\/div>\n\t\t\t\t<div class=\"elementor-element elementor-element-2501b0b7 elementor-widget elementor-widget-text-editor\" data-id=\"2501b0b7\" data-element_type=\"widget\" data-widget_type=\"text-editor.default\">\n\t\t\t\t<div class=\"elementor-widget-container\">\n\t\t\t\t\t\t\t\t\t<p><span data-contrast=\"none\">Wir freuen uns \u00fcber Ihren Besuch auf unserer Webseite sowie \u00fcber Ihr Interesse an unserem Unternehmen, unseren Produkten und Dienstleistungen. Damit Sie sich beim Besuch unserer Webseite sicher und wohl f\u00fchlen, nehmen wir den Schutz Ihrer pers\u00f6nlichen Daten und deren vertrauliche Behandlung sehr ernst.<\/span>\u00a0<\/p><p><span data-contrast=\"none\">Mit diesen Hinweisen zum Datenschutz m\u00f6chten wir Sie daher dar\u00fcber informieren, wann wir welche Daten speichern und wie wir sie verwenden \u2013 selbstverst\u00e4ndlich unter Beachtung der geltenden deutschen Datenschutzvorschriften.<\/span>\u00a0<\/p>\t\t\t\t\t\t\t\t<\/div>\n\t\t\t\t<\/div>\n\t\t\t\t<div class=\"elementor-element elementor-element-4faa55b elementor-widget elementor-widget-heading\" data-id=\"4faa55b\" data-element_type=\"widget\" data-widget_type=\"heading.default\">\n\t\t\t\t<div class=\"elementor-widget-container\">\n\t\t\t\t\t<h4 class=\"elementor-heading-title elementor-size-default\">ERHEBUNG UND VERARBEITUNG VON DATEN <\/h4>\t\t\t\t<\/div>\n\t\t\t\t<\/div>\n\t\t\t\t<div class=\"elementor-element elementor-element-4db4a33 elementor-widget elementor-widget-text-editor\" data-id=\"4db4a33\" data-element_type=\"widget\" data-widget_type=\"text-editor.default\">\n\t\t\t\t<div class=\"elementor-widget-container\">\n\t\t\t\t\t\t\t\t\t<p><span class=\"TextRun SCXO28262018 BCX0\" lang=\"DE-DE\" xml:lang=\"DE-DE\" data-contrast=\"none\"><span class=\"NormalTextRun SCXO28262018 BCX0\">Jeder Zugriff auf unser Internet-Portal und jeder Abruf einer im Internet-Portal hinterlegten Datei werden protokolliert. Die Speicherung dient internen systembezogenen und statistischen Zwecken. Protokolliert werden: Name der abgerufenen Datei, Datum und Uhrzeit des Abrufs, \u00fcbertragene Datenmenge, Meldung \u00fcber erfolgreichen Abruf, Webbrowser und anfragende Domain. Zus\u00e4tzlich werden die IP-Adressen der anfragenden Rechner protokolliert. Personenbezogene Daten werden nur erhoben, wenn Sie diese von sich aus, zum Beispiel zur Durchf\u00fchrung einer Anmeldung oder einer Anfrage.<\/span><\/span><span class=\"EOP SCXO28262018 BCX0\">\u00a0<\/span><\/p>\t\t\t\t\t\t\t\t<\/div>\n\t\t\t\t<\/div>\n\t\t\t\t<div class=\"elementor-element elementor-element-46c06e5 elementor-widget elementor-widget-heading\" data-id=\"46c06e5\" data-element_type=\"widget\" data-widget_type=\"heading.default\">\n\t\t\t\t<div class=\"elementor-widget-container\">\n\t\t\t\t\t<h4 class=\"elementor-heading-title elementor-size-default\">NUTZUNG UND WEITERGABE PERSONENBEZOGENER DATEN <\/h4>\t\t\t\t<\/div>\n\t\t\t\t<\/div>\n\t\t\t\t<div class=\"elementor-element elementor-element-75eedaf elementor-widget elementor-widget-text-editor\" data-id=\"75eedaf\" data-element_type=\"widget\" data-widget_type=\"text-editor.default\">\n\t\t\t\t<div class=\"elementor-widget-container\">\n\t\t\t\t\t\t\t\t\t<p><span data-contrast=\"none\">Soweit Sie uns personenbezogene Daten zur Verf\u00fcgung gestellt haben, verwenden wir diese nur zur Beantwortung Ihrer Anfragen, zur Abwicklung mit Ihnen geschlossener Vertr\u00e4ge und Registrierungen und f\u00fcr die technische Administration.<\/span>\u00a0<\/p><p><span data-contrast=\"none\">Ihre personenbezogenen Daten werden an Dritte nur weitergegeben oder sonst \u00fcbermittelt, wenn dies zum Zwecke der Vertragsabwicklung \u2013 insbesondere Weitergabe von Bestelldaten an Lieferanten \u2013 erforderlich ist, dies zu Abrechnungszwecken erforderlich ist oder Sie zuvor eingewilligt haben.<\/span>\u00a0<\/p><p><span data-contrast=\"none\">Die L\u00f6schung der gespeicherten personenbezogenen Daten erfolgt, wenn Sie Ihre Einwilligung zur Speicherung widerrufen, wenn ihre Kenntnis zur Erf\u00fcllung des mit der Speicherung verfolgten Zwecks nicht mehr erforderlich ist oder wenn ihre Speicherung aus sonstigen gesetzlichen Gr\u00fcnden unzul\u00e4ssig w\u00e4re. Nach Ablauf der steuer- und handelsrechtlichen Vorschriften werden die Daten gel\u00f6scht, soweit Sie nicht ausdr\u00fccklich einer dar\u00fcber hinausgehenden Datenverwendung zugestimmt haben.<\/span>\u00a0<\/p><p><span data-contrast=\"none\">Wir treffen alle notwendigen technischen und organisatorischen Sicherheitsma\u00dfnahmen, um personenbezogene Daten vor Verlust und Missbrauch zu sch\u00fctzen. So werden Daten in einer sicheren Betriebsumgebung gespeichert, die der \u00d6ffentlichkeit nicht zug\u00e4nglich ist. Vertrauliche Informationen werden, sofern m\u00f6glich, per SSL-Zertifikat verschl\u00fcsselt \u00fcber das HTTPS-Protokoll \u00fcbertragen. Bei der Kommunikation per E-Mail kann die vollst\u00e4ndige Datensicherheit von uns nicht gew\u00e4hrleistet werden, so dass wir Ihnen bei vertraulichen Informationen den Postweg oder die Verwendung eines geeigneten Verschl\u00fcsselungsprogrammes empfehlen.<\/span>\u00a0<\/p>\t\t\t\t\t\t\t\t<\/div>\n\t\t\t\t<\/div>\n\t\t\t\t<div class=\"elementor-element elementor-element-5fd430b elementor-widget elementor-widget-heading\" data-id=\"5fd430b\" data-element_type=\"widget\" data-widget_type=\"heading.default\">\n\t\t\t\t<div class=\"elementor-widget-container\">\n\t\t\t\t\t<h4 class=\"elementor-heading-title elementor-size-default\">GOOGLE ANALYTICS <\/h4>\t\t\t\t<\/div>\n\t\t\t\t<\/div>\n\t\t\t\t<div class=\"elementor-element elementor-element-ebddde3 elementor-widget elementor-widget-text-editor\" data-id=\"ebddde3\" data-element_type=\"widget\" data-widget_type=\"text-editor.default\">\n\t\t\t\t<div class=\"elementor-widget-container\">\n\t\t\t\t\t\t\t\t\t<p><span class=\"TextRun SCXO244048943 BCX0\" lang=\"DE-DE\" xml:lang=\"DE-DE\" data-contrast=\"none\"><span class=\"NormalTextRun SCXO244048943 BCX0\">Diese Website benutzt Google Analytics, einen Webanalysedienst der Google Inc. (\u201eGoogle\u201c). Google Analytics verwendet sog. \u201eCookies\u201c, Textdateien, die auf Ihrem Computer gespeichert werden und die eine Analyse der Benutzung der Website durch Sie erm\u00f6glichen. Die durch den Cookie erzeugten Informationen \u00fcber Ihre Benutzung dieser Website werden in der Regel an einen Server von Google in den USA \u00fcbertragen und dort gespeichert. Im Falle der Aktivierung der IP-Anonymisierung auf dieser Webseite, wird Ihre IP-Adresse von Google jedoch innerhalb von Mitgliedstaaten der Europ\u00e4ischen Union oder in anderen Vertragsstaaten des Abkommens \u00fcber den Europ\u00e4ischen Wirtschaftsraum zuvor gek\u00fcrzt. Nur in Ausnahmef\u00e4llen wird die volle IP-Adresse an einen Server von Google in den USA \u00fcbertragen und dort gek\u00fcrzt. Im Auftrag des Betreibers dieser Website wird Google diese Informationen benutzen, um Ihre Nutzung der Website auszuwerten, um Reports \u00fcber die Websiteaktivit\u00e4ten zusammenzustellen und um weitere mit der Websitenutzung und der Internetnutzung verbundene Dienstleistungen gegen\u00fcber dem Websitebetreiber zu erbringen. Die im Rahmen von Google Analytics von Ihrem Browser \u00fcbermittelte IP-Adresse wird nicht mit anderen Daten von Google zusammengef\u00fchrt. Sie k\u00f6nnen die Speicherung der Cookies durch eine entsprechende Einstellung Ihrer Browser-Software verhindern; wir weisen Sie jedoch darauf hin, dass Sie in diesem Fall gegebenenfalls nicht s\u00e4mtliche Funktionen dieser Website vollumf\u00e4nglich werden nutzen k\u00f6nnen. Sie k\u00f6nnen dar\u00fcber hinaus die Erfassung der durch das Cookie erzeugten und auf Ihre Nutzung der Website bezogenen Daten (inkl. Ihrer IP-Adresse) an Google sowie die Verarbeitung dieser Daten durch Google verhindern, indem sie das unter dem folgenden Link\u00a0 verf\u00fcgbare Browser-Plugin herunterladen und installieren:\u00a0<\/span><\/span><a class=\"Hyperlink SCXO244048943 BCX0\" href=\"https:\/\/href.li\/?http:\/\/tools.google.com\/dlpage\/gaoptout?hl=de\" target=\"_blank\" rel=\"noreferrer noopener\"><span class=\"TextRun SCXO244048943 BCX0\" lang=\"DE-DE\" xml:lang=\"DE-DE\" data-contrast=\"auto\"><span class=\"NormalTextRun SCXO244048943 BCX0\">http:\/\/tools.google.com\/dlpage\/gaoptout?hl=de<\/span><\/span><\/a><span class=\"TextRun SCXO244048943 BCX0\" lang=\"DE-DE\" xml:lang=\"DE-DE\" data-contrast=\"none\"><span class=\"NormalTextRun SCXO244048943 BCX0\">. Bez\u00fcglich des Einsatzes von Analysetools mit vollst\u00e4ndigen IP-Adressen m\u00f6chten wir darauf hinweisen, dass diese Website Google Analytics mit der Erweiterung \u201e_<\/span><span class=\"SpellingError SCXO244048943 BCX0\">anonymizeIp<\/span><span class=\"NormalTextRun SCXO244048943 BCX0\">()\u201c verwendet und daher IP-Adressen nur gek\u00fcrzt weiterverarbeitet werden, um eine direkte Personenbeziehbarkeit auszuschlie\u00dfen.<\/span><\/span><span class=\"EOP SCXO244048943 BCX0\">\u00a0<\/span><\/p>\t\t\t\t\t\t\t\t<\/div>\n\t\t\t\t<\/div>\n\t\t\t\t<div class=\"elementor-element elementor-element-335f0a7 elementor-widget elementor-widget-heading\" data-id=\"335f0a7\" data-element_type=\"widget\" data-widget_type=\"heading.default\">\n\t\t\t\t<div class=\"elementor-widget-container\">\n\t\t\t\t\t<h4 class=\"elementor-heading-title elementor-size-default\">COOKIES<\/h4>\t\t\t\t<\/div>\n\t\t\t\t<\/div>\n\t\t\t\t<div class=\"elementor-element elementor-element-a3bfa9b elementor-widget elementor-widget-text-editor\" data-id=\"a3bfa9b\" data-element_type=\"widget\" data-widget_type=\"text-editor.default\">\n\t\t\t\t<div class=\"elementor-widget-container\">\n\t\t\t\t\t\t\t\t\t<p><span data-contrast=\"none\">Unsere Website verwendet Cookies. Diese Datenelemente sendet unsere Website an Ihren Browser, wo diese gespeichert werden. Es findet ohne ausdr\u00fcckliche Aufforderung durch den Nutzer lediglich die Nutzung von tempor\u00e4ren Cookies statt. Diese werden nach Verlassen der Seite gel\u00f6scht und dienen nur dazu, die Website an Ihre Bed\u00fcrfnisse anzupassen sowie Ihre Anmeldung w\u00e4hrend Ihres Besuchs zu speichern und den von Ihnen besuchten Seiten zuzuordnen.<\/span>\u00a0<\/p><p><span data-contrast=\"none\">Google benutzt das\u00a0DoubleClick\u00a0DART-Cookie. Sie k\u00f6nnen die Verwendung des DART-Cookies deaktivieren, indem sie die Datenschutzbestimmungen des Werbenetzwerks und Content-Werbenetzwerks von Google aufrufen.<\/span>\u00a0<\/p><p><span data-contrast=\"none\">Dabei werden keinerlei unmittelbare pers\u00f6nliche Daten des Nutzers gespeichert, sondern nur die Internetprotokoll\u2013Adresse. Diese Informationen dienen dazu, Sie bei Ihrem n\u00e4chsten Besuch auf unseren Websites automatisch wiederzuerkennen und Ihnen die Navigation zu erleichtern. Cookies erlauben es uns beispielsweise, eine Website Ihren Interessen anzupassen oder Ihr Kennwort zu speichern, damit Sie es nicht jedes Mal neu eingeben m\u00fcssen.<\/span>\u00a0<\/p><p><span data-contrast=\"none\">Sollten Sie die Speicherung von Cookies nicht w\u00fcnschen, k\u00f6nnen Sie dies in Ihren Browsereinstelllungen entsprechend vermerken. Hierzu bietet die Benutzung von Firefox unter Bearbeiten \u2192 Einstellung \u2192 Erweitert \u2192 Cookies entsprechende Einstellungen, beim Internet Explorer finden Sie diese unter Ansicht \u2192 Internetoptionen \u2192 Erweitert \u2192 Cookies. In diesem Fall kann es sein, dass Sie nicht alle Funktionen unserer Website nutzen k\u00f6nnen..<\/span>\u00a0<\/p>\t\t\t\t\t\t\t\t<\/div>\n\t\t\t\t<\/div>\n\t\t\t\t<div class=\"elementor-element elementor-element-d3752a5 elementor-widget elementor-widget-heading\" data-id=\"d3752a5\" data-element_type=\"widget\" data-widget_type=\"heading.default\">\n\t\t\t\t<div class=\"elementor-widget-container\">\n\t\t\t\t\t<h4 class=\"elementor-heading-title elementor-size-default\">COOKIE BANNER<\/h4>\t\t\t\t<\/div>\n\t\t\t\t<\/div>\n\t\t\t\t<div class=\"elementor-element elementor-element-1e3a153 elementor-widget elementor-widget-text-editor\" data-id=\"1e3a153\" data-element_type=\"widget\" data-widget_type=\"text-editor.default\">\n\t\t\t\t<div class=\"elementor-widget-container\">\n\t\t\t\t\t\t\t\t\t<p>Zur Verwaltung der eingesetzten Cookies und \u00e4hnlichen Technologien (Tracking-Pixel, Web-Beacons etc.) und diesbez\u00fcglicher Einwilligungen setzen wir das Consent Tool &#8222;Real Cookie Banner&#8220; ein. Details zur Funktionsweise von &#8222;Real Cookie Banner&#8220; findest du unter https:\/\/devowl.io\/de\/rcb\/datenverarbeitung\/.<\/p><p>Rechtsgrundlagen f\u00fcr die Verarbeitung von personenbezogenen Daten in diesem Zusammenhang sind Art. 6 Abs. 1 lit. c DS-GVO und Art. 6 Abs. 1 lit. f DS-GVO. Unser berechtigtes Interesse ist die Verwaltung der eingesetzten Cookies und \u00e4hnlichen Technologien und der diesbez\u00fcglichen Einwilligungen.<\/p><p>Die Bereitstellung der personenbezogenen Daten ist weder vertraglich vorgeschrieben noch f\u00fcr den Abschluss eines Vertrages notwendig. Du bist nicht verpflichtet die personenbezogenen Daten bereitzustellen. Wenn du die personenbezogenen Daten nicht bereitstellst, k\u00f6nnen wir deine Einwilligungen nicht verwalten.<\/p>\t\t\t\t\t\t\t\t<\/div>\n\t\t\t\t<\/div>\n\t\t\t\t<div class=\"elementor-element elementor-element-5ef0260 elementor-widget elementor-widget-heading\" data-id=\"5ef0260\" data-element_type=\"widget\" data-widget_type=\"heading.default\">\n\t\t\t\t<div class=\"elementor-widget-container\">\n\t\t\t\t\t<h4 class=\"elementor-heading-title elementor-size-default\">AUSKUNFTS- UND WIDERRUFSRECHT <\/h4>\t\t\t\t<\/div>\n\t\t\t\t<\/div>\n\t\t\t\t<div class=\"elementor-element elementor-element-d564e7e elementor-widget elementor-widget-text-editor\" data-id=\"d564e7e\" data-element_type=\"widget\" data-widget_type=\"text-editor.default\">\n\t\t\t\t<div class=\"elementor-widget-container\">\n\t\t\t\t\t\t\t\t\t<p><span class=\"TextRun SCXO189810391 BCX0\" lang=\"DE-DE\" xml:lang=\"DE-DE\" data-contrast=\"none\"><span class=\"NormalTextRun SCXO189810391 BCX0\">Sie k\u00f6nnen jederzeit Ihre bei uns gespeicherten Daten sperren, berichtigen oder l\u00f6schen lassen und der anonymisierten oder pseudonymisierten Datenerhebung und -speicherung zu Optimierungszwecken unserer Website widersprechen. Sie haben jederzeit das Recht, eine erteilte Einwilligung zur Datenerhebung und Verwendung ohne Angaben von Gr\u00fcnden f\u00fcr die Zukunft zu widerrufen. Wenden Sie sich bitte per E-Mail an\u00a0<\/span><\/span><a class=\"Hyperlink SCXO189810391 BCX0\" href=\"mailto:info@x4analytics.de\" target=\"_blank\" rel=\"noreferrer noopener\"><span class=\"TextRun SCXO189810391 BCX0\" lang=\"DE-DE\" xml:lang=\"DE-DE\" data-contrast=\"auto\"><span class=\"NormalTextRun SCXO189810391 BCX0\">info@x4analytics.de<\/span><\/span><\/a><span class=\"EOP SCXO189810391 BCX0\">\u00a0<\/span><\/p>\t\t\t\t\t\t\t\t<\/div>\n\t\t\t\t<\/div>\n\t\t\t\t\t<\/div>\n\t\t<\/div>\n\t\t\t\t\t<\/div>\n\t\t<\/section>\n\t\t\t\t<\/div>","protected":false},"excerpt":{"rendered":"<p>Datenschutzerkl\u00e4rung Wir freuen uns \u00fcber Ihren Besuch auf unserer Webseite sowie \u00fcber Ihr Interesse an unserem Unternehmen, unseren Produkten und Dienstleistungen. Damit Sie sich beim Besuch unserer Webseite sicher und wohl f\u00fchlen, nehmen wir den Schutz Ihrer pers\u00f6nlichen Daten und deren vertrauliche Behandlung sehr ernst.\u00a0 Mit diesen Hinweisen zum Datenschutz m\u00f6chten wir Sie daher dar\u00fcber [&hellip;]<\/p>","protected":false},"author":1,"featured_media":0,"parent":0,"menu_order":0,"comment_status":"closed","ping_status":"closed","template":"","meta":{"footnotes":""},"class_list":["post-1519","page","type-page","status-publish","hentry"],"_links":{"self":[{"href":"https:\/\/x4analytics.de\/en\/wp-json\/wp\/v2\/pages\/1519","targetHints":{"allow":["GET"]}}],"collection":[{"href":"https:\/\/x4analytics.de\/en\/wp-json\/wp\/v2\/pages"}],"about":[{"href":"https:\/\/x4analytics.de\/en\/wp-json\/wp\/v2\/types\/page"}],"author":[{"embeddable":true,"href":"https:\/\/x4analytics.de\/en\/wp-json\/wp\/v2\/users\/1"}],"replies":[{"embeddable":true,"href":"https:\/\/x4analytics.de\/en\/wp-json\/wp\/v2\/comments?post=1519"}],"version-history":[{"count":40,"href":"https:\/\/x4analytics.de\/en\/wp-json\/wp\/v2\/pages\/1519\/revisions"}],"predecessor-version":[{"id":2492,"href":"https:\/\/x4analytics.de\/en\/wp-json\/wp\/v2\/pages\/1519\/revisions\/2492"}],"wp:attachment":[{"href":"https:\/\/x4analytics.de\/en\/wp-json\/wp\/v2\/media?parent=1519"}],"curies":[{"name":"wp","href":"https:\/\/api.w.org\/{rel}","templated":true}]}}