{"id":727,"date":"2023-09-18T23:08:11","date_gmt":"2023-09-18T21:08:11","guid":{"rendered":"https:\/\/x4analytics.de\/?page_id=727"},"modified":"2023-11-09T10:08:44","modified_gmt":"2023-11-09T09:08:44","slug":"strategie-und-transformation","status":"publish","type":"page","link":"https:\/\/x4analytics.de\/en\/strategie-und-transformation\/","title":{"rendered":"Strategy and transformation"},"content":{"rendered":"<div data-elementor-type=\"wp-page\" data-elementor-id=\"727\" class=\"elementor elementor-727\" data-elementor-post-type=\"page\">\n\t\t\t\t\t\t<section class=\"elementor-section elementor-top-section elementor-element elementor-element-375ad2f elementor-section-boxed elementor-section-height-default elementor-section-height-default\" data-id=\"375ad2f\" data-element_type=\"section\" data-settings=\"{&quot;background_background&quot;:&quot;classic&quot;}\">\n\t\t\t\t\t\t<div class=\"elementor-container elementor-column-gap-default\">\n\t\t\t\t\t<div class=\"elementor-column elementor-col-100 elementor-top-column elementor-element elementor-element-4895a28\" data-id=\"4895a28\" data-element_type=\"column\">\n\t\t\t<div class=\"elementor-widget-wrap elementor-element-populated\">\n\t\t\t\t\t\t<section class=\"elementor-section elementor-inner-section elementor-element elementor-element-0e9acce elementor-section-boxed elementor-section-height-default elementor-section-height-default\" data-id=\"0e9acce\" data-element_type=\"section\" data-settings=\"{&quot;background_background&quot;:&quot;classic&quot;}\">\n\t\t\t\t\t\t\t<div class=\"elementor-background-overlay\"><\/div>\n\t\t\t\t\t\t\t<div class=\"elementor-container elementor-column-gap-default\">\n\t\t\t\t\t<div class=\"elementor-column elementor-col-100 elementor-inner-column elementor-element elementor-element-ec27515\" data-id=\"ec27515\" data-element_type=\"column\">\n\t\t\t<div class=\"elementor-widget-wrap elementor-element-populated\">\n\t\t\t\t\t\t<div class=\"elementor-element elementor-element-51556d6 elementor-widget elementor-widget-heading\" data-id=\"51556d6\" data-element_type=\"widget\" data-widget_type=\"heading.default\">\n\t\t\t\t<div class=\"elementor-widget-container\">\n\t\t\t\t\t<h1 class=\"elementor-heading-title elementor-size-default\">Strategy and transformation <\/h1>\t\t\t\t<\/div>\n\t\t\t\t<\/div>\n\t\t\t\t\t<\/div>\n\t\t<\/div>\n\t\t\t\t\t<\/div>\n\t\t<\/section>\n\t\t\t\t\t<\/div>\n\t\t<\/div>\n\t\t\t\t\t<\/div>\n\t\t<\/section>\n\t\t\t\t<section class=\"elementor-section elementor-top-section elementor-element elementor-element-321f06b elementor-section-boxed elementor-section-height-default elementor-section-height-default\" data-id=\"321f06b\" data-element_type=\"section\">\n\t\t\t\t\t\t<div class=\"elementor-container elementor-column-gap-default\">\n\t\t\t\t\t<div class=\"elementor-column elementor-col-50 elementor-top-column elementor-element elementor-element-72cfa4f elementor-hidden-tablet elementor-hidden-mobile\" data-id=\"72cfa4f\" data-element_type=\"column\">\n\t\t\t<div class=\"elementor-widget-wrap elementor-element-populated\">\n\t\t\t\t\t\t<div class=\"elementor-element elementor-element-7521026 elementor-widget elementor-widget-image\" data-id=\"7521026\" data-element_type=\"widget\" data-widget_type=\"image.default\">\n\t\t\t\t<div class=\"elementor-widget-container\">\n\t\t\t\t\t\t\t\t\t\t\t\t\t\t\t<img decoding=\"async\" src=\"https:\/\/x4analytics.de\/wp-content\/uploads\/2023\/10\/Digital-Transformation.png\" title=\"Digital Transformation\" alt=\"Digital Transformation\" loading=\"lazy\" \/>\t\t\t\t\t\t\t\t\t\t\t\t\t\t\t<\/div>\n\t\t\t\t<\/div>\n\t\t\t\t\t<\/div>\n\t\t<\/div>\n\t\t\t\t<div class=\"elementor-column elementor-col-50 elementor-top-column elementor-element elementor-element-9913cb3\" data-id=\"9913cb3\" data-element_type=\"column\">\n\t\t\t<div class=\"elementor-widget-wrap elementor-element-populated\">\n\t\t\t\t\t\t<div class=\"elementor-element elementor-element-c2f9725 elementor-widget elementor-widget-heading\" data-id=\"c2f9725\" data-element_type=\"widget\" data-widget_type=\"heading.default\">\n\t\t\t\t<div class=\"elementor-widget-container\">\n\t\t\t\t\t<h2 class=\"elementor-heading-title elementor-size-default\">In the course of time<\/h2>\t\t\t\t<\/div>\n\t\t\t\t<\/div>\n\t\t\t\t<div class=\"elementor-element elementor-element-2048b0f elementor-widget elementor-widget-text-editor\" data-id=\"2048b0f\" data-element_type=\"widget\" data-widget_type=\"text-editor.default\">\n\t\t\t\t<div class=\"elementor-widget-container\">\n\t\t\t\t\t\t\t\t\t<p><span class=\"LineBreakBlob BlobObject DragDrop SCXO161552490 BCX4\"><span class=\"TextRun Highlight SCXO33914293 BCX4\" lang=\"DE-DE\" xml:lang=\"DE-DE\" data-contrast=\"none\"><span class=\"NormalTextRun SCXO33914293 BCX4\">In an ever-changing business world, it is crucial that companies continuously rethink and adapt their strategies in order to remain competitive and grow successfully. At X4 Analytics GmbH, we specialize in helping companies develop and implement strategies to transform and improve their business.<\/span><\/span><span class=\"EOP SCXO33914293 BCX4\">\u00a0<\/span><\/span><\/p>\t\t\t\t\t\t\t\t<\/div>\n\t\t\t\t<\/div>\n\t\t\t\t\t<\/div>\n\t\t<\/div>\n\t\t\t\t\t<\/div>\n\t\t<\/section>\n\t\t\t\t<section class=\"elementor-section elementor-top-section elementor-element elementor-element-5251a14 elementor-section-boxed elementor-section-height-default elementor-section-height-default\" data-id=\"5251a14\" data-element_type=\"section\">\n\t\t\t\t\t\t<div class=\"elementor-container elementor-column-gap-default\">\n\t\t\t\t\t<div class=\"elementor-column elementor-col-100 elementor-top-column elementor-element elementor-element-72725e2\" data-id=\"72725e2\" data-element_type=\"column\">\n\t\t\t<div class=\"elementor-widget-wrap elementor-element-populated\">\n\t\t\t\t\t\t<div class=\"elementor-element elementor-element-a927c91 elementor-widget elementor-widget-heading\" data-id=\"a927c91\" data-element_type=\"widget\" data-widget_type=\"heading.default\">\n\t\t\t\t<div class=\"elementor-widget-container\">\n\t\t\t\t\t<h2 class=\"elementor-heading-title elementor-size-default\">Our services, your agility<\/h2>\t\t\t\t<\/div>\n\t\t\t\t<\/div>\n\t\t\t\t\t<\/div>\n\t\t<\/div>\n\t\t\t\t\t<\/div>\n\t\t<\/section>\n\t\t\t\t<section class=\"elementor-section elementor-top-section elementor-element elementor-element-376796e elementor-section-boxed elementor-section-height-default elementor-section-height-default\" data-id=\"376796e\" data-element_type=\"section\" data-settings=\"{&quot;background_background&quot;:&quot;classic&quot;}\">\n\t\t\t\t\t\t\t<div class=\"elementor-background-overlay\"><\/div>\n\t\t\t\t\t\t\t<div class=\"elementor-container elementor-column-gap-default\">\n\t\t\t\t\t<div class=\"elementor-column elementor-col-100 elementor-top-column elementor-element elementor-element-1b199d8\" data-id=\"1b199d8\" data-element_type=\"column\" data-settings=\"{&quot;background_background&quot;:&quot;classic&quot;}\">\n\t\t\t<div class=\"elementor-widget-wrap elementor-element-populated\">\n\t\t\t\t\t\t<section class=\"elementor-section elementor-inner-section elementor-element elementor-element-2ac2a20 elementor-section-boxed elementor-section-height-default elementor-section-height-default\" data-id=\"2ac2a20\" data-element_type=\"section\">\n\t\t\t\t\t\t<div class=\"elementor-container elementor-column-gap-default\">\n\t\t\t\t\t<div class=\"elementor-column elementor-col-50 elementor-inner-column elementor-element elementor-element-0295b26\" data-id=\"0295b26\" data-element_type=\"column\" data-settings=\"{&quot;background_background&quot;:&quot;classic&quot;}\">\n\t\t\t<div class=\"elementor-widget-wrap elementor-element-populated\">\n\t\t\t\t\t\t<div class=\"elementor-element elementor-element-1ca3086 elementor-widget elementor-widget-image\" data-id=\"1ca3086\" data-element_type=\"widget\" data-widget_type=\"image.default\">\n\t\t\t\t<div class=\"elementor-widget-container\">\n\t\t\t\t\t\t\t\t\t\t\t\t\t\t\t<img decoding=\"async\" width=\"120\" height=\"120\" src=\"https:\/\/x4analytics.de\/wp-content\/uploads\/2023\/10\/Strategy-1.png\" class=\"attachment-full size-full wp-image-2417\" alt=\"\" srcset=\"https:\/\/x4analytics.de\/wp-content\/uploads\/2023\/10\/Strategy-1.png 120w, https:\/\/x4analytics.de\/wp-content\/uploads\/2023\/10\/Strategy-1-12x12.png 12w\" sizes=\"(max-width: 120px) 100vw, 120px\" \/>\t\t\t\t\t\t\t\t\t\t\t\t\t\t\t<\/div>\n\t\t\t\t<\/div>\n\t\t\t\t<div class=\"elementor-element elementor-element-e7a889f elementor-widget elementor-widget-heading\" data-id=\"e7a889f\" data-element_type=\"widget\" data-widget_type=\"heading.default\">\n\t\t\t\t<div class=\"elementor-widget-container\">\n\t\t\t\t\t<h6 class=\"elementor-heading-title elementor-size-default\">Strategy development and planning<\/h6>\t\t\t\t<\/div>\n\t\t\t\t<\/div>\n\t\t\t\t<div class=\"elementor-element elementor-element-cbda146 elementor-widget elementor-widget-text-editor\" data-id=\"cbda146\" data-element_type=\"widget\" data-widget_type=\"text-editor.default\">\n\t\t\t\t<div class=\"elementor-widget-container\">\n\t\t\t\t\t\t\t\t\t<ul style=\"font-weight: 400;\"><li data-aria-posinset=\"1\" data-aria-level=\"2\"><span data-contrast=\"none\">Analysis of your current business strategy and processes.<\/span>\u00a0<\/li><li data-aria-posinset=\"2\" data-aria-level=\"2\"><span data-contrast=\"none\">Identification of opportunities and risks in your market environment.<\/span>\u00a0<\/li><li data-aria-posinset=\"3\" data-aria-level=\"2\"><span data-contrast=\"none\">Development of a customized strategy tailored to your goals and resources.<\/span>\u00a0<\/li><li data-aria-posinset=\"4\" data-aria-level=\"2\"><span data-contrast=\"none\">Creation of a feasible implementation plan with clear milestones.<\/span>\u00a0<\/li><\/ul>\t\t\t\t\t\t\t\t<\/div>\n\t\t\t\t<\/div>\n\t\t\t\t\t<\/div>\n\t\t<\/div>\n\t\t\t\t<div class=\"elementor-column elementor-col-50 elementor-inner-column elementor-element elementor-element-d0cebbf\" data-id=\"d0cebbf\" data-element_type=\"column\" data-settings=\"{&quot;background_background&quot;:&quot;classic&quot;}\">\n\t\t\t<div class=\"elementor-widget-wrap elementor-element-populated\">\n\t\t\t\t\t\t<div class=\"elementor-element elementor-element-7365a4d elementor-widget elementor-widget-image\" data-id=\"7365a4d\" data-element_type=\"widget\" data-widget_type=\"image.default\">\n\t\t\t\t<div class=\"elementor-widget-container\">\n\t\t\t\t\t\t\t\t\t\t\t\t\t\t\t<img decoding=\"async\" width=\"120\" height=\"120\" src=\"https:\/\/x4analytics.de\/wp-content\/uploads\/2023\/10\/Innovation-3.png\" class=\"attachment-full size-full wp-image-2395\" alt=\"\" srcset=\"https:\/\/x4analytics.de\/wp-content\/uploads\/2023\/10\/Innovation-3.png 120w, https:\/\/x4analytics.de\/wp-content\/uploads\/2023\/10\/Innovation-3-12x12.png 12w, https:\/\/x4analytics.de\/wp-content\/uploads\/2023\/10\/elementor\/thumbs\/Innovation-3-qdeom9mrqum7gjmhg5xfklxhpokjchy1glr608yqy0.png 100w\" sizes=\"(max-width: 120px) 100vw, 120px\" \/>\t\t\t\t\t\t\t\t\t\t\t\t\t\t\t<\/div>\n\t\t\t\t<\/div>\n\t\t\t\t<div class=\"elementor-element elementor-element-c95e34d elementor-widget elementor-widget-heading\" data-id=\"c95e34d\" data-element_type=\"widget\" data-widget_type=\"heading.default\">\n\t\t\t\t<div class=\"elementor-widget-container\">\n\t\t\t\t\t<h6 class=\"elementor-heading-title elementor-size-default\">Digital transformation<\/h6>\t\t\t\t<\/div>\n\t\t\t\t<\/div>\n\t\t\t\t<div class=\"elementor-element elementor-element-54af7dd elementor-widget elementor-widget-text-editor\" data-id=\"54af7dd\" data-element_type=\"widget\" data-widget_type=\"text-editor.default\">\n\t\t\t\t<div class=\"elementor-widget-container\">\n\t\t\t\t\t\t\t\t\t<ul style=\"font-weight: 400;\"><li data-aria-posinset=\"1\" data-aria-level=\"3\"><span data-contrast=\"none\">Assessment of your digital maturity and recommendations for optimization.<\/span>\u00a0<\/li><li data-aria-posinset=\"2\" data-aria-level=\"3\"><span data-contrast=\"none\">Implementation of digital solutions and technologies to increase efficiency.<\/span>\u00a0<\/li><li data-aria-posinset=\"3\" data-aria-level=\"3\"><span data-contrast=\"none\">Training your teams in digital skills and best practices.<\/span>\u00a0<\/li><\/ul>\t\t\t\t\t\t\t\t<\/div>\n\t\t\t\t<\/div>\n\t\t\t\t\t<\/div>\n\t\t<\/div>\n\t\t\t\t\t<\/div>\n\t\t<\/section>\n\t\t\t\t<section class=\"elementor-section elementor-inner-section elementor-element elementor-element-7eae5bc elementor-section-boxed elementor-section-height-default elementor-section-height-default\" data-id=\"7eae5bc\" data-element_type=\"section\">\n\t\t\t\t\t\t<div class=\"elementor-container elementor-column-gap-default\">\n\t\t\t\t\t<div class=\"elementor-column elementor-col-33 elementor-inner-column elementor-element elementor-element-eaa3558\" data-id=\"eaa3558\" data-element_type=\"column\" data-settings=\"{&quot;background_background&quot;:&quot;classic&quot;}\">\n\t\t\t<div class=\"elementor-widget-wrap elementor-element-populated\">\n\t\t\t\t\t\t<div class=\"elementor-element elementor-element-dce8ca9 elementor-widget elementor-widget-image\" data-id=\"dce8ca9\" data-element_type=\"widget\" data-widget_type=\"image.default\">\n\t\t\t\t<div class=\"elementor-widget-container\">\n\t\t\t\t\t\t\t\t\t\t\t\t\t\t\t<img decoding=\"async\" width=\"120\" height=\"120\" src=\"https:\/\/x4analytics.de\/wp-content\/uploads\/2023\/10\/Success.png\" class=\"attachment-full size-full wp-image-2347\" alt=\"\" srcset=\"https:\/\/x4analytics.de\/wp-content\/uploads\/2023\/10\/Success.png 120w, https:\/\/x4analytics.de\/wp-content\/uploads\/2023\/10\/Success-12x12.png 12w\" sizes=\"(max-width: 120px) 100vw, 120px\" \/>\t\t\t\t\t\t\t\t\t\t\t\t\t\t\t<\/div>\n\t\t\t\t<\/div>\n\t\t\t\t<div class=\"elementor-element elementor-element-e77df5a elementor-widget elementor-widget-heading\" data-id=\"e77df5a\" data-element_type=\"widget\" data-widget_type=\"heading.default\">\n\t\t\t\t<div class=\"elementor-widget-container\">\n\t\t\t\t\t<h6 class=\"elementor-heading-title elementor-size-default\">Operational excellence<\/h6>\t\t\t\t<\/div>\n\t\t\t\t<\/div>\n\t\t\t\t<div class=\"elementor-element elementor-element-b9eb130 elementor-widget elementor-widget-text-editor\" data-id=\"b9eb130\" data-element_type=\"widget\" data-widget_type=\"text-editor.default\">\n\t\t\t\t<div class=\"elementor-widget-container\">\n\t\t\t\t\t\t\t\t\t<ul style=\"font-weight: 400;\"><li data-aria-posinset=\"1\" data-aria-level=\"4\"><span data-contrast=\"none\">Process optimization to increase efficiency and reduce costs<\/span>\u00a0<\/li><li data-aria-posinset=\"2\" data-aria-level=\"4\"><span data-contrast=\"none\">Introduction of lean management principles and agile working methods.<\/span>\u00a0<\/li><li data-aria-posinset=\"3\" data-aria-level=\"4\"><span data-contrast=\"none\">Quality management and continuous improvement.<\/span>\u00a0<\/li><\/ul>\t\t\t\t\t\t\t\t<\/div>\n\t\t\t\t<\/div>\n\t\t\t\t\t<\/div>\n\t\t<\/div>\n\t\t\t\t<div class=\"elementor-column elementor-col-33 elementor-inner-column elementor-element elementor-element-0ac8862\" data-id=\"0ac8862\" data-element_type=\"column\" data-settings=\"{&quot;background_background&quot;:&quot;classic&quot;}\">\n\t\t\t<div class=\"elementor-widget-wrap elementor-element-populated\">\n\t\t\t\t\t\t<div class=\"elementor-element elementor-element-3d21835 elementor-widget elementor-widget-image\" data-id=\"3d21835\" data-element_type=\"widget\" data-widget_type=\"image.default\">\n\t\t\t\t<div class=\"elementor-widget-container\">\n\t\t\t\t\t\t\t\t\t\t\t\t\t\t\t<img loading=\"lazy\" decoding=\"async\" width=\"120\" height=\"120\" src=\"https:\/\/x4analytics.de\/wp-content\/uploads\/2023\/10\/Progress.png\" class=\"attachment-full size-full wp-image-2345\" alt=\"\" srcset=\"https:\/\/x4analytics.de\/wp-content\/uploads\/2023\/10\/Progress.png 120w, https:\/\/x4analytics.de\/wp-content\/uploads\/2023\/10\/Progress-12x12.png 12w\" sizes=\"(max-width: 120px) 100vw, 120px\" \/>\t\t\t\t\t\t\t\t\t\t\t\t\t\t\t<\/div>\n\t\t\t\t<\/div>\n\t\t\t\t<div class=\"elementor-element elementor-element-255e482 elementor-widget elementor-widget-heading\" data-id=\"255e482\" data-element_type=\"widget\" data-widget_type=\"heading.default\">\n\t\t\t\t<div class=\"elementor-widget-container\">\n\t\t\t\t\t<h6 class=\"elementor-heading-title elementor-size-default\">Performance optimization\n\n<\/h6>\t\t\t\t<\/div>\n\t\t\t\t<\/div>\n\t\t\t\t<div class=\"elementor-element elementor-element-ea7d9be elementor-widget elementor-widget-text-editor\" data-id=\"ea7d9be\" data-element_type=\"widget\" data-widget_type=\"text-editor.default\">\n\t\t\t\t<div class=\"elementor-widget-container\">\n\t\t\t\t\t\t\t\t\t<ul style=\"font-weight: 400;\"><li data-aria-posinset=\"1\" data-aria-level=\"6\"><span data-contrast=\"none\">Implementation of KPIs to monitor progress.<\/span>\u00a0<\/li><li data-aria-posinset=\"2\" data-aria-level=\"6\"><span data-contrast=\"none\">Regular evaluation and adjustment of the strategy and transformation.<\/span>\u00a0<\/li><\/ul>\t\t\t\t\t\t\t\t<\/div>\n\t\t\t\t<\/div>\n\t\t\t\t\t<\/div>\n\t\t<\/div>\n\t\t\t\t<div class=\"elementor-column elementor-col-33 elementor-inner-column elementor-element elementor-element-cccd9b2\" data-id=\"cccd9b2\" data-element_type=\"column\" data-settings=\"{&quot;background_background&quot;:&quot;classic&quot;}\">\n\t\t\t<div class=\"elementor-widget-wrap elementor-element-populated\">\n\t\t\t\t\t\t<div class=\"elementor-element elementor-element-12f742c elementor-widget elementor-widget-image\" data-id=\"12f742c\" data-element_type=\"widget\" data-widget_type=\"image.default\">\n\t\t\t\t<div class=\"elementor-widget-container\">\n\t\t\t\t\t\t\t\t\t\t\t\t\t\t\t<img loading=\"lazy\" decoding=\"async\" width=\"120\" height=\"120\" src=\"https:\/\/x4analytics.de\/wp-content\/uploads\/2023\/10\/Networking.png\" class=\"attachment-full size-full wp-image-2346\" alt=\"\" srcset=\"https:\/\/x4analytics.de\/wp-content\/uploads\/2023\/10\/Networking.png 120w, https:\/\/x4analytics.de\/wp-content\/uploads\/2023\/10\/Networking-12x12.png 12w\" sizes=\"(max-width: 120px) 100vw, 120px\" \/>\t\t\t\t\t\t\t\t\t\t\t\t\t\t\t<\/div>\n\t\t\t\t<\/div>\n\t\t\t\t<div class=\"elementor-element elementor-element-819940b elementor-widget elementor-widget-heading\" data-id=\"819940b\" data-element_type=\"widget\" data-widget_type=\"heading.default\">\n\t\t\t\t<div class=\"elementor-widget-container\">\n\t\t\t\t\t<h6 class=\"elementor-heading-title elementor-size-default\">Change management<\/h6>\t\t\t\t<\/div>\n\t\t\t\t<\/div>\n\t\t\t\t<div class=\"elementor-element elementor-element-9ea79c1 elementor-widget elementor-widget-text-editor\" data-id=\"9ea79c1\" data-element_type=\"widget\" data-widget_type=\"text-editor.default\">\n\t\t\t\t<div class=\"elementor-widget-container\">\n\t\t\t\t\t\t\t\t\t<ul style=\"font-weight: 400;\"><li data-aria-posinset=\"1\" data-aria-level=\"5\"><span data-contrast=\"none\">Supporting your employees through the change process.<\/span>\u00a0<\/li><li data-aria-posinset=\"2\" data-aria-level=\"5\"><span data-contrast=\"none\">Communication strategies to ensure acceptance and commitment.<\/span>\u00a0<\/li><li data-aria-posinset=\"3\" data-aria-level=\"5\"><span data-contrast=\"none\">Monitoring and adapting the change process.<\/span>\u00a0<\/li><\/ul>\t\t\t\t\t\t\t\t<\/div>\n\t\t\t\t<\/div>\n\t\t\t\t\t<\/div>\n\t\t<\/div>\n\t\t\t\t\t<\/div>\n\t\t<\/section>\n\t\t\t\t\t<\/div>\n\t\t<\/div>\n\t\t\t\t\t<\/div>\n\t\t<\/section>\n\t\t\t\t<section class=\"elementor-section elementor-top-section elementor-element elementor-element-29c6542 elementor-section-boxed elementor-section-height-default elementor-section-height-default\" data-id=\"29c6542\" data-element_type=\"section\">\n\t\t\t\t\t\t\t<div class=\"elementor-background-overlay\"><\/div>\n\t\t\t\t\t\t\t<div class=\"elementor-container elementor-column-gap-default\">\n\t\t\t\t\t<div class=\"elementor-column elementor-col-50 elementor-top-column elementor-element elementor-element-7f7ce6f elementor-hidden-tablet elementor-hidden-mobile\" data-id=\"7f7ce6f\" data-element_type=\"column\" data-settings=\"{&quot;background_background&quot;:&quot;classic&quot;}\">\n\t\t\t<div class=\"elementor-widget-wrap elementor-element-populated\">\n\t\t\t\t\t\t<div class=\"elementor-element elementor-element-ade1f5f elementor-widget elementor-widget-image\" data-id=\"ade1f5f\" data-element_type=\"widget\" data-widget_type=\"image.default\">\n\t\t\t\t<div class=\"elementor-widget-container\">\n\t\t\t\t\t\t\t\t\t\t\t\t\t\t\t<img loading=\"lazy\" decoding=\"async\" width=\"836\" height=\"917\" src=\"https:\/\/x4analytics.de\/wp-content\/uploads\/2023\/09\/pricing-section-2.jpg\" class=\"attachment-2048x2048 size-2048x2048 wp-image-1299\" alt=\"\" srcset=\"https:\/\/x4analytics.de\/wp-content\/uploads\/2023\/09\/pricing-section-2.jpg 836w, https:\/\/x4analytics.de\/wp-content\/uploads\/2023\/09\/pricing-section-2-274x300.jpg 274w, https:\/\/x4analytics.de\/wp-content\/uploads\/2023\/09\/pricing-section-2-768x842.jpg 768w\" sizes=\"(max-width: 836px) 100vw, 836px\" \/>\t\t\t\t\t\t\t\t\t\t\t\t\t\t\t<\/div>\n\t\t\t\t<\/div>\n\t\t\t\t\t<\/div>\n\t\t<\/div>\n\t\t\t\t<div class=\"elementor-column elementor-col-50 elementor-top-column elementor-element elementor-element-fdec2ef\" data-id=\"fdec2ef\" data-element_type=\"column\" data-settings=\"{&quot;background_background&quot;:&quot;classic&quot;}\">\n\t\t\t<div class=\"elementor-widget-wrap elementor-element-populated\">\n\t\t\t\t\t\t<div class=\"elementor-element elementor-element-2ee22ef elementor-widget elementor-widget-heading\" data-id=\"2ee22ef\" data-element_type=\"widget\" data-widget_type=\"heading.default\">\n\t\t\t\t<div class=\"elementor-widget-container\">\n\t\t\t\t\t<h2 class=\"elementor-heading-title elementor-size-default\">Why choose X4 Analytics?<\/h2>\t\t\t\t<\/div>\n\t\t\t\t<\/div>\n\t\t\t\t<div class=\"elementor-element elementor-element-04c4d8a elementor-icon-list--layout-traditional elementor-list-item-link-full_width elementor-widget elementor-widget-icon-list\" data-id=\"04c4d8a\" data-element_type=\"widget\" data-widget_type=\"icon-list.default\">\n\t\t\t\t<div class=\"elementor-widget-container\">\n\t\t\t\t\t\t\t<ul class=\"elementor-icon-list-items\">\n\t\t\t\t\t\t\t<li class=\"elementor-icon-list-item\">\n\t\t\t\t\t\t\t\t\t\t\t<span class=\"elementor-icon-list-icon\">\n\t\t\t\t\t\t\t<i aria-hidden=\"true\" class=\"fas fa-circle\"><\/i>\t\t\t\t\t\t<\/span>\n\t\t\t\t\t\t\t\t\t\t<span class=\"elementor-icon-list-text\"><b>Expertise: <\/b>Our team has years of experience in advising companies in various industries. <\/span>\n\t\t\t\t\t\t\t\t\t<\/li>\n\t\t\t\t\t\t\t\t<li class=\"elementor-icon-list-item\">\n\t\t\t\t\t\t\t\t\t\t\t<span class=\"elementor-icon-list-icon\">\n\t\t\t\t\t\t\t<i aria-hidden=\"true\" class=\"fas fa-circle\"><\/i>\t\t\t\t\t\t<\/span>\n\t\t\t\t\t\t\t\t\t\t<span class=\"elementor-icon-list-text\"><b>Tailor-made solutions: <\/b>We develop customised strategies that are tailored to the specific needs and objectives of your company. <\/span>\n\t\t\t\t\t\t\t\t\t<\/li>\n\t\t\t\t\t\t\t\t<li class=\"elementor-icon-list-item\">\n\t\t\t\t\t\t\t\t\t\t\t<span class=\"elementor-icon-list-icon\">\n\t\t\t\t\t\t\t<i aria-hidden=\"true\" class=\"fas fa-circle\"><\/i>\t\t\t\t\t\t<\/span>\n\t\t\t\t\t\t\t\t\t\t<span class=\"elementor-icon-list-text\"><b>Sustainable results: <\/b>Our focus is on long-term value creation and sustainable transformation. <\/span>\n\t\t\t\t\t\t\t\t\t<\/li>\n\t\t\t\t\t\t\t\t<li class=\"elementor-icon-list-item\">\n\t\t\t\t\t\t\t\t\t\t\t<span class=\"elementor-icon-list-icon\">\n\t\t\t\t\t\t\t<i aria-hidden=\"true\" class=\"fas fa-circle\"><\/i>\t\t\t\t\t\t<\/span>\n\t\t\t\t\t\t\t\t\t\t<span class=\"elementor-icon-list-text\"><b>Custumer focus <\/b>Your satisfaction is our top priority. We work closely with you to ensure that your expectations are met. <\/span>\n\t\t\t\t\t\t\t\t\t<\/li>\n\t\t\t\t\t\t<\/ul>\n\t\t\t\t\t\t<\/div>\n\t\t\t\t<\/div>\n\t\t\t\t<div class=\"elementor-element elementor-element-d10a7e5 elementor-widget elementor-widget-text-editor\" data-id=\"d10a7e5\" data-element_type=\"widget\" data-widget_type=\"text-editor.default\">\n\t\t\t\t<div class=\"elementor-widget-container\">\n\t\t\t\t\t\t\t\t\t<p><span class=\"TextRun Highlight SCXO204671698 BCX4\" lang=\"DE-DE\" xml:lang=\"DE-DE\" data-contrast=\"none\"><span class=\"NormalTextRun SCXO204671698 BCX4\">If you want to take your company to the next level, don't hesitate to contact us. We are ready to accompany you on the path to successful strategy and transformation.<\/span><\/span><span class=\"EOP SCXO204671698 BCX4\">\u00a0<\/span><\/p>\t\t\t\t\t\t\t\t<\/div>\n\t\t\t\t<\/div>\n\t\t\t\t<div class=\"elementor-element elementor-element-f9f3165 elementor-widget elementor-widget-text-editor\" data-id=\"f9f3165\" data-element_type=\"widget\" data-widget_type=\"text-editor.default\">\n\t\t\t\t<div class=\"elementor-widget-container\">\n\t\t\t\t\t\t\t\t\t<p><span class=\"TextRun Highlight SCXO82753024 BCX4\" lang=\"DE-DE\" xml:lang=\"DE-DE\" data-contrast=\"none\"><span class=\"NormalTextRun SCXO82753024 BCX4\">Contact us today to arrange a no-obligation consultation.<\/span><\/span><span class=\"EOP SCXO82753024 BCX4\">\u00a0<\/span><\/p>\t\t\t\t\t\t\t\t<\/div>\n\t\t\t\t<\/div>\n\t\t\t\t<div class=\"elementor-element elementor-element-466d22d elementor-widget elementor-widget-button\" data-id=\"466d22d\" data-element_type=\"widget\" data-widget_type=\"button.default\">\n\t\t\t\t<div class=\"elementor-widget-container\">\n\t\t\t\t\t\t\t\t\t<div class=\"elementor-button-wrapper\">\n\t\t\t\t\t<a class=\"elementor-button elementor-button-link elementor-size-sm\" href=\"https:\/\/x4analytics.de\/en\/kontakt\/\">\n\t\t\t\t\t\t<span class=\"elementor-button-content-wrapper\">\n\t\t\t\t\t\t\t\t\t<span class=\"elementor-button-text\">Contact us<\/span>\n\t\t\t\t\t<\/span>\n\t\t\t\t\t<\/a>\n\t\t\t\t<\/div>\n\t\t\t\t\t\t\t\t<\/div>\n\t\t\t\t<\/div>\n\t\t\t\t\t<\/div>\n\t\t<\/div>\n\t\t\t\t\t<\/div>\n\t\t<\/section>\n\t\t\t\t<\/div>","protected":false},"excerpt":{"rendered":"<p>Strategie und Transformation Im Wandel der Zeit In einer sich st\u00e4ndig ver\u00e4ndernden Gesch\u00e4ftswelt ist es entscheidend, dass Unternehmen ihre Strategien kontinuierlich \u00fcberdenken und anpassen, um wettbewerbsf\u00e4hig zu bleiben und erfolgreich zu wachsen. Bei der X4 Analytics GmbH sind wir darauf spezialisiert, Unternehmen bei der Entwicklung und Umsetzung von Strategien zur Transformation und Verbesserung ihrer Gesch\u00e4ftst\u00e4tigkeit [&hellip;]<\/p>","protected":false},"author":1,"featured_media":0,"parent":0,"menu_order":0,"comment_status":"closed","ping_status":"closed","template":"","meta":{"footnotes":""},"class_list":["post-727","page","type-page","status-publish","hentry"],"_links":{"self":[{"href":"https:\/\/x4analytics.de\/en\/wp-json\/wp\/v2\/pages\/727","targetHints":{"allow":["GET"]}}],"collection":[{"href":"https:\/\/x4analytics.de\/en\/wp-json\/wp\/v2\/pages"}],"about":[{"href":"https:\/\/x4analytics.de\/en\/wp-json\/wp\/v2\/types\/page"}],"author":[{"embeddable":true,"href":"https:\/\/x4analytics.de\/en\/wp-json\/wp\/v2\/users\/1"}],"replies":[{"embeddable":true,"href":"https:\/\/x4analytics.de\/en\/wp-json\/wp\/v2\/comments?post=727"}],"version-history":[{"count":91,"href":"https:\/\/x4analytics.de\/en\/wp-json\/wp\/v2\/pages\/727\/revisions"}],"predecessor-version":[{"id":2550,"href":"https:\/\/x4analytics.de\/en\/wp-json\/wp\/v2\/pages\/727\/revisions\/2550"}],"wp:attachment":[{"href":"https:\/\/x4analytics.de\/en\/wp-json\/wp\/v2\/media?parent=727"}],"curies":[{"name":"wp","href":"https:\/\/api.w.org\/{rel}","templated":true}]}}